{"id":15,"date":"2021-04-05T21:26:02","date_gmt":"2021-04-05T19:26:02","guid":{"rendered":"https:\/\/c-neuber.com\/?page_id=15"},"modified":"2021-04-06T17:53:19","modified_gmt":"2021-04-06T15:53:19","slug":"ueber-uns","status":"publish","type":"page","link":"https:\/\/c-neuber.com\/?page_id=15","title":{"rendered":"Nun zu mir"},"content":{"rendered":"\n<div class=\"wp-block-columns is-layout-flex wp-container-core-columns-is-layout-9d6595d7 wp-block-columns-is-layout-flex\">\n<div class=\"wp-block-column is-layout-flow wp-block-column-is-layout-flow\" style=\"flex-basis:100%\">\n<div class=\"wp-block-columns is-layout-flex wp-container-core-columns-is-layout-9d6595d7 wp-block-columns-is-layout-flex\">\n<div class=\"wp-block-column is-layout-flow wp-block-column-is-layout-flow\" style=\"flex-basis:33.33%\">\n<figure class=\"wp-block-image size-large\"><img loading=\"lazy\" decoding=\"async\" width=\"380\" height=\"352\" src=\"http:\/\/c-neuber.com\/wp-content\/uploads\/2021\/04\/ichichwillkommen2.png\" alt=\"\" class=\"wp-image-39\" srcset=\"https:\/\/c-neuber.com\/wp-content\/uploads\/2021\/04\/ichichwillkommen2.png 380w, https:\/\/c-neuber.com\/wp-content\/uploads\/2021\/04\/ichichwillkommen2-300x278.png 300w\" sizes=\"auto, (max-width: 380px) 100vw, 380px\" \/><\/figure>\n<\/div>\n\n\n\n<div class=\"wp-block-column is-layout-flow wp-block-column-is-layout-flow\" style=\"flex-basis:66.66%\">\n<p class=\"has-black-color has-white-background-color has-text-color has-background has-medium-font-size\"><span class=\"has-inline-color has-black-color\"><strong>Ich bin Heilpraktikerin Christine Echamen(das ist mein Seelenname)Neuber<\/strong><\/span><\/p>\n\n\n\n<p class=\"has-white-background-color has-background has-medium-font-size\"><strong><span class=\"has-inline-color has-black-color\">Meine Ausbildungen: 3j\u00e4hrige Ausbildung zur Friseurin in Marktrodach,1 j\u00e4hrige Ausbildung zur Kosmetikerin in Ba,Meisterpr\u00fcfung im Friseurhandwerk in Co und Ba,zweieinhalbj\u00e4hriger Besuch der Heilpraktikerschule in N\u00fcrnberg mit anschlie\u00dfender bestandener Amtsarztpr\u00fcfung in Bayreuth,1 j\u00e4hrige Ausbildung zum Familienstellen mit Engeln in Regensburg,plus weitere Seminare in Reiki, Shy, Bachbl\u00fcten, Spagyrik, Dorn\/Breuss, Emmet Therapie&#8230;<\/span><\/strong><\/p>\n<\/div>\n<\/div>\n<\/div>\n<\/div>\n\n\n\n<div class=\"wp-block-group\"><div class=\"wp-block-group__inner-container is-layout-flow wp-block-group-is-layout-flow\">\n<div class=\"wp-block-group\"><div class=\"wp-block-group__inner-container is-layout-flow wp-block-group-is-layout-flow\">\n<p class=\"has-black-color has-white-background-color has-text-color has-background has-medium-font-size\"><strong><em><span class=\"has-inline-color has-black-color\">Durch meinen Beruf als Friseurin in dem ich schon immer mit Menschen zu tun hatte die mir ihre Sorgen, N\u00f6te erz\u00e4hlten,anvertrauten,und es mir viel Freude bereitete wenn ich ihnen helfen,sie weiterf\u00fchren konnte; mich alternative Heilmethoden schon immer interessierten, kam in mir die Idee auf Heilpraktikerin zu werden. Das durfte aber aus verschiedenen Gr\u00fcnden noch eine Zeit lang auf sich warten.Ich kam zuerst \u00fcber einen guten Freund durch Zufall (gibt es ja nicht:) )zu Reiki.Dadurch festigte sich mein Gef\u00fchl und mein Glaube dass es mehr gibt zwischen Himmel und Erde als das was wir mit unseren physischen Augen sehen k\u00f6nnen und das die Selbstheilungskr\u00e4fte des K\u00f6rpers unermesslich sind. Danach folgten Kurse in SHY(Spiritual human Yoga)zu denen mich eine Kundin f\u00fchrte.Nach meiner Kosmetikausbildung folgten Seminare der Methode Chenot.Hier hatte ich es pl\u00f6tzlich mit chinesicher Medizin,den 5 Elementen,der Biophotonentherapie zu tun. Jetzt war mir endg\u00fcltig klar-es geht kein Weg an der Heilpraktikausbildung vorbei!Nach meiner Meisterpr\u00fcfung als Friseurin entschloss ich mich nun endg\u00fcltig meine Heilpraktikerausbildung zu machen und besuchte zweieinhalb Jahre das Ausbildungsinstitut f\u00fcr Heilpraktiker in N\u00fcrnberg mit anschlie\u00dfender bestandener Amtsarztpr\u00fcfung in Bayreuth.<\/span><\/em><\/strong><\/p>\n<\/div><\/div>\n<\/div><\/div>\n\n\n\n<p class=\"has-white-color has-white-background-color has-text-color has-background has-medium-font-size\"><strong><span class=\"has-inline-color has-black-color\">Danach folgten Dorn\/Breuss, Akupunktmassage nach Penzel,Bachbl\u00fcten,Spagyrikseminare,Ausbildung zum Familienstellen mit Engeln und schlie\u00dflich durch den Verlust meines Bruders die Quantec Radionik Methode mit der ich besonders auch Krebspatienten eine alternative,unterst\u00fctzende Behandlung bieten m\u00f6chte. Ich wurde in Diesem Bereich immer weiter gef\u00fchrt,so landete ich schlie\u00dflich durch eine Schmerzproblematik in der Naturheilpraxis Eduard Kunz in Sonneberg der mir anbot seinen Praxisraum mitbenutzen zu d\u00fcrfen,in denen ich jetzt meine T\u00e4tigkeit als Heilpraktikerin in Freude aus\u00fcbe.Soviel \u00fcber mich!Ich freue mich wenn ich Sie in der begr\u00fc\u00dfen darf. in der Praxis begr\u00fc\u00dfen darf.<\/span><\/strong><\/p>\n","protected":false},"excerpt":{"rendered":"<p>Ich bin Heilpraktikerin Christine Echamen(das ist mein Seelenname)Neuber Meine Ausbildungen: 3j\u00e4hrige Ausbildung zur Friseurin in Marktrodach,1 j\u00e4hrige Ausbildung zur Kosmetikerin in Ba,Meisterpr\u00fcfung im Friseurhandwerk in Co und Ba,zweieinhalbj\u00e4hriger Besuch der &hellip; <\/p>\n","protected":false},"author":1,"featured_media":45,"parent":0,"menu_order":0,"comment_status":"closed","ping_status":"closed","template":"","meta":{"footnotes":""},"class_list":["post-15","page","type-page","status-publish","has-post-thumbnail","hentry"],"_links":{"self":[{"href":"https:\/\/c-neuber.com\/index.php?rest_route=\/wp\/v2\/pages\/15","targetHints":{"allow":["GET"]}}],"collection":[{"href":"https:\/\/c-neuber.com\/index.php?rest_route=\/wp\/v2\/pages"}],"about":[{"href":"https:\/\/c-neuber.com\/index.php?rest_route=\/wp\/v2\/types\/page"}],"author":[{"embeddable":true,"href":"https:\/\/c-neuber.com\/index.php?rest_route=\/wp\/v2\/users\/1"}],"replies":[{"embeddable":true,"href":"https:\/\/c-neuber.com\/index.php?rest_route=%2Fwp%2Fv2%2Fcomments&post=15"}],"version-history":[{"count":7,"href":"https:\/\/c-neuber.com\/index.php?rest_route=\/wp\/v2\/pages\/15\/revisions"}],"predecessor-version":[{"id":56,"href":"https:\/\/c-neuber.com\/index.php?rest_route=\/wp\/v2\/pages\/15\/revisions\/56"}],"wp:featuredmedia":[{"embeddable":true,"href":"https:\/\/c-neuber.com\/index.php?rest_route=\/wp\/v2\/media\/45"}],"wp:attachment":[{"href":"https:\/\/c-neuber.com\/index.php?rest_route=%2Fwp%2Fv2%2Fmedia&parent=15"}],"curies":[{"name":"wp","href":"https:\/\/api.w.org\/{rel}","templated":true}]}}